{"id":78,"date":"2024-10-31T13:41:22","date_gmt":"2024-10-31T12:41:22","guid":{"rendered":"https:\/\/www.jan-timko.eu\/?page_id=78"},"modified":"2026-01-28T11:57:33","modified_gmt":"2026-01-28T10:57:33","slug":"moje-fotoobrazy","status":"publish","type":"page","link":"https:\/\/www.jan-timko.eu\/?page_id=78","title":{"rendered":"Moje fotoobrazy"},"content":{"rendered":"<p>[et_pb_section fb_built=&#8220;1&#8243; admin_label=&#8220;Gallery&#8220; _builder_version=&#8220;4.20.0&#8243; _module_preset=&#8220;default&#8220; hover_enabled=&#8220;0&#8243; collapsed=&#8220;on&#8220; global_colors_info=&#8220;{}&#8220; sticky_enabled=&#8220;0&#8243;][et_pb_row _builder_version=&#8220;4.27.2&#8243; _module_preset=&#8220;default&#8220; width=&#8220;90%&#8220; max_width=&#8220;100%&#8220; custom_padding=&#8220;||1px|||&#8220; global_colors_info=&#8220;{}&#8220;][et_pb_column type=&#8220;4_4&#8243; _builder_version=&#8220;4.27.2&#8243; _module_preset=&#8220;default&#8220; global_colors_info=&#8220;{}&#8220;][et_pb_text _builder_version=&#8220;4.27.2&#8243; _module_preset=&#8220;default&#8220; header_font=&#8220;Rhodium Libre||||||||&#8220; header_text_color=&#8220;#FFFFFF&#8220; header_font_size=&#8220;40px&#8220; background_color=&#8220;#474747&#8243; use_background_color_gradient=&#8220;on&#8220; background_color_gradient_stops=&#8220;#2d3540 0%|#85a6a0 100%&#8220; custom_padding=&#8220;25px||25px|25px|true|false&#8220; border_radii=&#8220;on|2px|2px|2px|2px&#8220; global_colors_info=&#8220;{}&#8220;]<\/p>\n<h1>Moje fotoobrazy<\/h1>\n<p>[\/et_pb_text][et_pb_blurb title=&#8220;Vyplnen\u00edm formul\u00e1ra a zaslan\u00edm objedn\u00e1vky si m\u00f4\u017eete ve\u013emi jednoducho objedna\u0165 a k\u00fapi\u0165 vybran\u00e9 fotografie. Tieto fotografie na pl\u00e1tne, s\u00fa vhodn\u00e9 ako obrazy ku skr\u00e1\u0161leniu r\u00f4znych typov interi\u00e9rov.&#8220; use_icon=&#8220;on&#8220; font_icon=&#8220;&#xf044;||fa||900&#8243; icon_color=&#8220;#014034&#8243; icon_placement=&#8220;left&#8220; content_max_width=&#8220;1100px&#8220; _builder_version=&#8220;4.27.4&#8243; _module_preset=&#8220;default&#8220; header_line_height=&#8220;1.2em&#8220; global_colors_info=&#8220;{}&#8220;]<\/p>\n<p>&nbsp;<\/p>\n<table border=\"1\" style=\"border-collapse: collapse; width: 100%;\">\n<tbody>\n<tr>\n<td style=\"width: 25%;\">Form\u00e1t<\/td>\n<td style=\"width: 25%;\">mm x mm<\/td>\n<td style=\"width: 25%;\">inch x inch<\/td>\n<td style=\"width: 25%;\">Cena 1 obrazu na pl\u00e1tne<\/td>\n<\/tr>\n<tr>\n<td style=\"width: 25%;\">MINI<\/td>\n<td style=\"width: 25%;\">210 x 297<\/td>\n<td style=\"width: 25%;\">8.3 x 11.7<\/td>\n<td style=\"width: 25%;\">12 \u20ac<\/td>\n<\/tr>\n<tr>\n<td style=\"width: 25%;\">A3<\/td>\n<td style=\"width: 25%;\">297 x 420<\/td>\n<td style=\"width: 25%;\">11.7 x 16.5<\/td>\n<td style=\"width: 25%;\">25 \u20ac<\/td>\n<\/tr>\n<tr>\n<td style=\"width: 25%;\">A2<\/td>\n<td style=\"width: 25%;\">420 x 594<\/td>\n<td style=\"width: 25%;\">16.5 x 23.4<\/td>\n<td style=\"width: 25%;\">40 \u20ac<\/td>\n<\/tr>\n<tr>\n<td style=\"width: 25%;\">A1<\/td>\n<td style=\"width: 25%;\">594 x 841<\/td>\n<td style=\"width: 25%;\">26.4 x 33.1<\/td>\n<td style=\"width: 25%;\">75 \u20ac<\/td>\n<\/tr>\n<tr>\n<td style=\"width: 25%;\">A0<\/td>\n<td style=\"width: 25%;\">841 x 1189<\/td>\n<td style=\"width: 25%;\">33.1 x 46.8<\/td>\n<td style=\"width: 25%;\">120 \u20ac<\/td>\n<\/tr>\n<\/tbody>\n<\/table>\n<p><strong>Je mo\u017en\u00e9 objedna\u0165 si fotografiu aj v\u00a0elektronickej podobe, pri takejto po\u017eiadavke je potrebn\u00e1 \u010fal\u0161ia komunik\u00e1cia s\u00a0autorom (e-mailom, alebo telefonicky)<\/strong><\/p>\n<p>[\/et_pb_blurb][\/et_pb_column][\/et_pb_row][et_pb_row column_structure=&#8220;1_4,3_4&#8243; use_custom_gutter=&#8220;on&#8220; gutter_width=&#8220;2&#8243; make_equal=&#8220;on&#8220; custom_padding_last_edited=&#8220;on|tablet&#8220; _builder_version=&#8220;4.27.2&#8243; _module_preset=&#8220;default&#8220; width=&#8220;90%&#8220; max_width=&#8220;100%&#8220; module_alignment=&#8220;center&#8220; custom_margin=&#8220;15px||15px||true|true&#8220; custom_padding=&#8220;15px|15px|15px|15px|true|true&#8220; custom_padding_tablet=&#8220;||0px||false|false&#8220; custom_padding_phone=&#8220;||0px||false|false&#8220; border_radii=&#8220;on|2px|2px|2px|2px&#8220; border_width_all=&#8220;2px&#8220; border_color_all=&#8220;#025940&#8243; global_colors_info=&#8220;{}&#8220;][et_pb_column type=&#8220;1_4&#8243; _builder_version=&#8220;4.27.2&#8243; _module_preset=&#8220;default&#8220; background_color=&#8220;#2d3540&#8243; use_background_color_gradient=&#8220;on&#8220; background_color_gradient_stops=&#8220;#2d3540 0%|#85a6a0 100%&#8220; global_colors_info=&#8220;{}&#8220;][et_pb_text _builder_version=&#8220;4.27.4&#8243; _module_preset=&#8220;default&#8220; header_2_font=&#8220;Rhodium Libre||||||||&#8220; header_2_text_color=&#8220;#f2c572&#8243; header_2_font_size=&#8220;55px&#8220; text_orientation=&#8220;right&#8220; custom_margin=&#8220;45px||||false|false&#8220; custom_padding=&#8220;|15px|||false|false&#8220; global_colors_info=&#8220;{}&#8220;]<\/p>\n<h2>Harm\u00f3nia<\/h2>\n<h2>h\u00f4r<\/h2>\n<p>[\/et_pb_text][\/et_pb_column][et_pb_column type=&#8220;3_4&#8243; _builder_version=&#8220;4.20.0&#8243; _module_preset=&#8220;default&#8220; global_colors_info=&#8220;{}&#8220;][et_pb_slider _builder_version=&#8220;4.27.5&#8243; _module_preset=&#8220;default&#8220; height=&#8220;600px&#8220; hover_enabled=&#8220;0&#8243; global_colors_info=&#8220;{}&#8220; sticky_enabled=&#8220;0&#8243;][et_pb_slide _builder_version=&#8220;4.27.5&#8243; _module_preset=&#8220;default&#8220; background_image=&#8220;https:\/\/www.jan-timko.eu\/wp-content\/uploads\/2026\/01\/Slider-1-harmonia-hor-1-interier-s-obrazom-119-x-182-cm.webp&#8220; background_enable_image=&#8220;on&#8220; hover_enabled=&#8220;0&#8243; global_colors_info=&#8220;{}&#8220; sticky_transition=&#8220;on&#8220; title_text=&#8220;Slider 1 &#8211; harmo\u0301nia ho\u0302r 1 &#8211; interie\u0301r s obrazom 119 x 182 cm&#8220; sticky_enabled=&#8220;0&#8243;][\/et_pb_slide][et_pb_slide _builder_version=&#8220;4.27.5&#8243; _module_preset=&#8220;default&#8220; background_image=&#8220;https:\/\/www.jan-timko.eu\/wp-content\/uploads\/2026\/01\/Slider-1-harmonia-hor-2-interier-s-obrazom-119-x-182-cm.webp&#8220; background_enable_image=&#8220;on&#8220; global_colors_info=&#8220;{}&#8220; sticky_transition=&#8220;on&#8220; title_text=&#8220;Slider 1 &#8211; harmo\u0301nia ho\u0302r 2 &#8211; interie\u0301r s obrazom 119 x 182 cm&#8220;][\/et_pb_slide][et_pb_slide _builder_version=&#8220;4.27.5&#8243; _module_preset=&#8220;default&#8220; background_image=&#8220;https:\/\/www.jan-timko.eu\/wp-content\/uploads\/2026\/01\/Slider-1-harmonia-hor-3-interier-s-obrazom-119-x-182-cm.webp&#8220; background_enable_image=&#8220;on&#8220; hover_enabled=&#8220;0&#8243; global_colors_info=&#8220;{}&#8220; sticky_transition=&#8220;on&#8220; title_text=&#8220;Slider 1 &#8211; harmo\u0301nia ho\u0302r 3 &#8211; interie\u0301r s obrazom 119 x 182 cm&#8220; sticky_enabled=&#8220;0&#8243;][\/et_pb_slide][et_pb_slide _builder_version=&#8220;4.27.5&#8243; _module_preset=&#8220;default&#8220; background_image=&#8220;https:\/\/www.jan-timko.eu\/wp-content\/uploads\/2026\/01\/Slider-1-harmonia-hor-4-interier-s-obrazom-119-x-182-cm.webp&#8220; background_enable_image=&#8220;on&#8220; hover_enabled=&#8220;0&#8243; global_colors_info=&#8220;{}&#8220; sticky_transition=&#8220;on&#8220; title_text=&#8220;Slider 1 &#8211; harmo\u0301nia ho\u0302r 4 &#8211; interie\u0301r s obrazom 119 x 182 cm&#8220; sticky_enabled=&#8220;0&#8243;][\/et_pb_slide][et_pb_slide _builder_version=&#8220;4.27.5&#8243; _module_preset=&#8220;default&#8220; background_image=&#8220;https:\/\/www.jan-timko.eu\/wp-content\/uploads\/2026\/01\/Slider-1-harmonia-hor-5-interier-s-obrazom-119-x-182-cm.webp&#8220; background_enable_image=&#8220;on&#8220; hover_enabled=&#8220;0&#8243; global_colors_info=&#8220;{}&#8220; sticky_transition=&#8220;on&#8220; title_text=&#8220;Slider 1 &#8211; harmo\u0301nia ho\u0302r 5 &#8211; interie\u0301r s obrazom 119 x 182 cm&#8220; sticky_enabled=&#8220;0&#8243;][\/et_pb_slide][et_pb_slide _builder_version=&#8220;4.27.5&#8243; _module_preset=&#8220;default&#8220; background_image=&#8220;https:\/\/www.jan-timko.eu\/wp-content\/uploads\/2026\/01\/Slider-1-harmonia-hor-6-interier-s-obrazom-119-x-182-cm.webp&#8220; background_enable_image=&#8220;on&#8220; hover_enabled=&#8220;0&#8243; global_colors_info=&#8220;{}&#8220; sticky_transition=&#8220;on&#8220; title_text=&#8220;Slider 1 &#8211; harmo\u0301nia ho\u0302r 6 &#8211; interie\u0301r s obrazom 119 x 182 cm&#8220; sticky_enabled=&#8220;0&#8243;][\/et_pb_slide][et_pb_slide _builder_version=&#8220;4.27.5&#8243; _module_preset=&#8220;default&#8220; background_image=&#8220;https:\/\/www.jan-timko.eu\/wp-content\/uploads\/2026\/01\/Slider-1-harmonia-hor-7-interier-s-obrazom-119-x-182-cm-1.webp&#8220; background_enable_image=&#8220;on&#8220; hover_enabled=&#8220;0&#8243; global_colors_info=&#8220;{}&#8220; sticky_transition=&#8220;on&#8220; title_text=&#8220;Slider 1 &#8211; harmo\u0301nia ho\u0302r 7 &#8211; interie\u0301r s obrazom 119 x 182 cm&#8220; sticky_enabled=&#8220;0&#8243;][\/et_pb_slide][et_pb_slide _builder_version=&#8220;4.27.5&#8243; _module_preset=&#8220;default&#8220; background_image=&#8220;https:\/\/www.jan-timko.eu\/wp-content\/uploads\/2026\/01\/Slider-1-harmonia-hor-8-interier-s-obrazom-119-x-182-cm.webp&#8220; background_enable_image=&#8220;on&#8220; hover_enabled=&#8220;0&#8243; global_colors_info=&#8220;{}&#8220; sticky_transition=&#8220;on&#8220; title_text=&#8220;Slider 1 &#8211; harmo\u0301nia ho\u0302r 8 &#8211; interie\u0301r s obrazom 119 x 182 cm&#8220; sticky_enabled=&#8220;0&#8243;][\/et_pb_slide][et_pb_slide _builder_version=&#8220;4.27.5&#8243; _module_preset=&#8220;default&#8220; background_image=&#8220;https:\/\/www.jan-timko.eu\/wp-content\/uploads\/2026\/01\/Slider-1-harmonia-hor-9-interier-s-obrazom-119-x-182-cm.webp&#8220; background_enable_image=&#8220;on&#8220; hover_enabled=&#8220;0&#8243; global_colors_info=&#8220;{}&#8220; sticky_transition=&#8220;on&#8220; title_text=&#8220;Slider 1 &#8211; harmo\u0301nia ho\u0302r 9 &#8211; interie\u0301r s obrazom 119 x 182 cm&#8220; sticky_enabled=&#8220;0&#8243;][\/et_pb_slide][et_pb_slide _builder_version=&#8220;4.27.5&#8243; _module_preset=&#8220;default&#8220; background_image=&#8220;https:\/\/www.jan-timko.eu\/wp-content\/uploads\/2026\/01\/Slider-1-harmonia-hor-10-interier-s-obrazom-119-x-182-cm.webp&#8220; background_enable_image=&#8220;on&#8220; hover_enabled=&#8220;0&#8243; global_colors_info=&#8220;{}&#8220; sticky_transition=&#8220;on&#8220; title_text=&#8220;Slider 1 &#8211; harmo\u0301nia ho\u0302r 10 &#8211; interie\u0301r s obrazom 119 x 182 cm&#8220; sticky_enabled=&#8220;0&#8243;][\/et_pb_slide][\/et_pb_slider][et_pb_gallery gallery_ids=&#8220;108,109,110,111,112,113,114,115,116,117,118,119,120,121,122,123,124,125,126,127,128,129,130,131,132,133,134,135,136,137,138,139,140,141,142,143,144,145,146,147,148,149,150,151,152,153,154,155,156,157,158,159,160,161,162,163,164,165,166,167,168,169,170,171,172,173,174,175,176,177,178,179,180,181,182,183,184,185,186,187,188,189,190,191,192,193,194,195,196,197,198,199,200,201,202,203,204,205,206,207,208,209,210,211,212,213,214,215,216,217,218,219,220,221,222,223,224,225,226,227,228,229,230,231,232,233&#8243; posts_number=&#8220;9&#8243; _builder_version=&#8220;4.27.4&#8243; _module_preset=&#8220;default&#8220; title_font_size=&#8220;14px&#8220; border_radii_image=&#8220;on|2px|2px|2px|2px&#8220; box_shadow_style_image=&#8220;preset3&#8243; global_colors_info=&#8220;{}&#8220;][\/et_pb_gallery][\/et_pb_column][\/et_pb_row][et_pb_row column_structure=&#8220;1_4,3_4&#8243; use_custom_gutter=&#8220;on&#8220; gutter_width=&#8220;2&#8243; make_equal=&#8220;on&#8220; custom_padding_last_edited=&#8220;on|tablet&#8220; _builder_version=&#8220;4.27.2&#8243; _module_preset=&#8220;default&#8220; width=&#8220;90%&#8220; max_width=&#8220;100%&#8220; module_alignment=&#8220;center&#8220; custom_margin=&#8220;15px||||false|false&#8220; custom_padding=&#8220;15px|15px|15px|15px|true|true&#8220; custom_padding_tablet=&#8220;||0px||false|false&#8220; custom_padding_phone=&#8220;||0px||false|false&#8220; border_radii=&#8220;on|2px|2px|2px|2px&#8220; border_width_all=&#8220;2px&#8220; border_color_all=&#8220;#014034&#8243; global_colors_info=&#8220;{}&#8220;][et_pb_column type=&#8220;1_4&#8243; _builder_version=&#8220;4.27.2&#8243; _module_preset=&#8220;default&#8220; background_color=&#8220;#2d3540&#8243; use_background_color_gradient=&#8220;on&#8220; background_color_gradient_stops=&#8220;#2d3540 0%|#85a6a0 100%&#8220; global_colors_info=&#8220;{}&#8220;][et_pb_text _builder_version=&#8220;4.27.2&#8243; _module_preset=&#8220;default&#8220; header_2_font=&#8220;Rhodium Libre||||||||&#8220; header_2_text_color=&#8220;#f2c572&#8243; header_2_font_size=&#8220;61px&#8220; text_orientation=&#8220;right&#8220; custom_margin=&#8220;45px||||false|false&#8220; custom_padding=&#8220;|15px|||false|false&#8220; global_colors_info=&#8220;{}&#8220;]<\/p>\n<h2>Podoby<\/h2>\n<h2>krajiny<\/h2>\n<p>[\/et_pb_text][\/et_pb_column][et_pb_column type=&#8220;3_4&#8243; _builder_version=&#8220;4.20.0&#8243; _module_preset=&#8220;default&#8220; global_colors_info=&#8220;{}&#8220;][et_pb_gallery gallery_ids=&#8220;237,238,239,240,241,242,243,244,245,246,247,248,249,250,251,252,253,254,255,256,257,258,259,260,261,262,263,264,265,266,267,268,269,270,271,272,273,274,275,276,277,278,279,280,281,282,283,284,285,286,287,288,289,290,291,292,293,294,295,296,297,298,299,300,301,302,303,304,305,306,307,308,309,310,311&#8243; posts_number=&#8220;9&#8243; _builder_version=&#8220;4.27.4&#8243; _module_preset=&#8220;default&#8220; title_font_size=&#8220;14px&#8220; border_radii_image=&#8220;on|2px|2px|2px|2px&#8220; box_shadow_style_image=&#8220;preset3&#8243; global_colors_info=&#8220;{}&#8220;][\/et_pb_gallery][\/et_pb_column][\/et_pb_row][et_pb_row column_structure=&#8220;1_4,3_4&#8243; use_custom_gutter=&#8220;on&#8220; gutter_width=&#8220;2&#8243; make_equal=&#8220;on&#8220; custom_padding_last_edited=&#8220;on|tablet&#8220; _builder_version=&#8220;4.27.2&#8243; _module_preset=&#8220;default&#8220; background_color=&#8220;RGBA(255,255,255,0)&#8220; width=&#8220;90%&#8220; max_width=&#8220;100%&#8220; module_alignment=&#8220;center&#8220; custom_margin=&#8220;15px||||false|false&#8220; custom_padding=&#8220;15px|15px|15px|15px|true|true&#8220; custom_padding_tablet=&#8220;||0px||false|false&#8220; custom_padding_phone=&#8220;||0px||false|false&#8220; border_radii=&#8220;on|2px|2px|2px|2px&#8220; border_width_all=&#8220;2px&#8220; border_color_all=&#8220;#014034&#8243; global_colors_info=&#8220;{}&#8220;][et_pb_column type=&#8220;1_4&#8243; _builder_version=&#8220;4.27.2&#8243; _module_preset=&#8220;default&#8220; background_color=&#8220;#2d3540&#8243; use_background_color_gradient=&#8220;on&#8220; background_color_gradient_stops=&#8220;#2d3540 0%|#85a6a0 100%&#8220; global_colors_info=&#8220;{}&#8220;][et_pb_text _builder_version=&#8220;4.27.4&#8243; _module_preset=&#8220;default&#8220; header_2_font=&#8220;Rhodium Libre||||||||&#8220; header_2_text_color=&#8220;#f2c572&#8243; header_2_font_size=&#8220;61px&#8220; text_orientation=&#8220;right&#8220; custom_margin=&#8220;45px||||false|false&#8220; custom_padding=&#8220;|15px|||false|false&#8220; global_colors_info=&#8220;{}&#8220;]<\/p>\n<h2>Po\u00e9zia<\/h2>\n<h2>krajiny<\/h2>\n<h2>(\u0161tvorce)<\/h2>\n<div id=\"gtx-trans\" style=\"position: absolute; left: -24px; top: 106.742px;\">\n<div class=\"gtx-trans-icon\"><\/div>\n<\/div>\n<p>[\/et_pb_text][\/et_pb_column][et_pb_column type=&#8220;3_4&#8243; _builder_version=&#8220;4.20.0&#8243; _module_preset=&#8220;default&#8220; global_colors_info=&#8220;{}&#8220;][et_pb_gallery gallery_ids=&#8220;314,315,316,317,318,319,320,321,322,323,324,325,326,327,328,329,330,331,332,333,334,335,336,337,338,339,340,341,342,343,344,345,346,347,348,349,350,351,352,353,354,355,356,357,358,359,360,361,362,363,364,365,366,367,368,369,370,371,372,373,374,375,376,377,378,379,380,381,382,383,384,385,386,387,388,389,390,391,392,393,394,395,396,397,398,399,400,401,402,403,404,405,406,407,408,409&#8243; posts_number=&#8220;9&#8243; _builder_version=&#8220;4.27.4&#8243; _module_preset=&#8220;default&#8220; title_font_size=&#8220;14px&#8220; border_radii_image=&#8220;on|2px|2px|2px|2px&#8220; box_shadow_style_image=&#8220;preset3&#8243; global_colors_info=&#8220;{}&#8220;][\/et_pb_gallery][\/et_pb_column][\/et_pb_row][\/et_pb_section]<\/p>\n","protected":false},"excerpt":{"rendered":"<p>Moje fotoobrazy&nbsp; Form\u00e1t mm x mm inch x inch Cena 1 obrazu na pl\u00e1tne MINI 210 x 297 8.3 x 11.7 12 \u20ac A3 297 x 420 11.7 x 16.5 25 \u20ac A2 420 x 594 16.5 x 23.4 40 \u20ac A1 594 x 841 26.4 x 33.1 75 \u20ac A0 841 x 1189 33.1 [&hellip;]<\/p>\n","protected":false},"author":1,"featured_media":0,"parent":0,"menu_order":0,"comment_status":"closed","ping_status":"closed","template":"","meta":{"_et_pb_use_builder":"on","_et_pb_old_content":"","_et_gb_content_width":"","om_disable_all_campaigns":false,"_monsterinsights_skip_tracking":false,"_monsterinsights_sitenote_active":false,"_monsterinsights_sitenote_note":"","_monsterinsights_sitenote_category":0,"footnotes":""},"class_list":["post-78","page","type-page","status-publish","hentry"],"yoast_head":"<!-- This site is optimized with the Yoast SEO plugin v26.8 - https:\/\/yoast.com\/product\/yoast-seo-wordpress\/ -->\n<title>Moje fotoobrazy - J\u00e1n Timko<\/title>\n<meta name=\"robots\" content=\"index, follow, max-snippet:-1, max-image-preview:large, max-video-preview:-1\" \/>\n<link rel=\"canonical\" href=\"https:\/\/www.jan-timko.eu\/?page_id=78\" \/>\n<meta property=\"og:locale\" content=\"sk_SK\" \/>\n<meta property=\"og:type\" content=\"article\" \/>\n<meta property=\"og:title\" content=\"Moje fotoobrazy - J\u00e1n Timko\" \/>\n<meta property=\"og:description\" content=\"Moje fotoobrazy&nbsp; Form\u00e1t mm x mm inch x inch Cena 1 obrazu na pl\u00e1tne MINI 210 x 297 8.3 x 11.7 12 \u20ac A3 297 x 420 11.7 x 16.5 25 \u20ac A2 420 x 594 16.5 x 23.4 40 \u20ac A1 594 x 841 26.4 x 33.1 75 \u20ac A0 841 x 1189 33.1 [&hellip;]\" \/>\n<meta property=\"og:url\" content=\"https:\/\/www.jan-timko.eu\/?page_id=78\" \/>\n<meta property=\"og:site_name\" content=\"J\u00e1n Timko\" \/>\n<meta property=\"article:modified_time\" content=\"2026-01-28T10:57:33+00:00\" \/>\n<meta name=\"twitter:card\" content=\"summary_large_image\" \/>\n<script type=\"application\/ld+json\" class=\"yoast-schema-graph\">{\"@context\":\"https:\/\/schema.org\",\"@graph\":[{\"@type\":\"WebPage\",\"@id\":\"https:\/\/www.jan-timko.eu\/?page_id=78\",\"url\":\"https:\/\/www.jan-timko.eu\/?page_id=78\",\"name\":\"Moje fotoobrazy - J\u00e1n Timko\",\"isPartOf\":{\"@id\":\"https:\/\/www.jan-timko.eu\/#website\"},\"datePublished\":\"2024-10-31T12:41:22+00:00\",\"dateModified\":\"2026-01-28T10:57:33+00:00\",\"breadcrumb\":{\"@id\":\"https:\/\/www.jan-timko.eu\/?page_id=78#breadcrumb\"},\"inLanguage\":\"sk-SK\",\"potentialAction\":[{\"@type\":\"ReadAction\",\"target\":[\"https:\/\/www.jan-timko.eu\/?page_id=78\"]}]},{\"@type\":\"BreadcrumbList\",\"@id\":\"https:\/\/www.jan-timko.eu\/?page_id=78#breadcrumb\",\"itemListElement\":[{\"@type\":\"ListItem\",\"position\":1,\"name\":\"Home\",\"item\":\"https:\/\/www.jan-timko.eu\/\"},{\"@type\":\"ListItem\",\"position\":2,\"name\":\"Moje fotoobrazy\"}]},{\"@type\":\"WebSite\",\"@id\":\"https:\/\/www.jan-timko.eu\/#website\",\"url\":\"https:\/\/www.jan-timko.eu\/\",\"name\":\"J\u00e1n Timko\",\"description\":\"\",\"potentialAction\":[{\"@type\":\"SearchAction\",\"target\":{\"@type\":\"EntryPoint\",\"urlTemplate\":\"https:\/\/www.jan-timko.eu\/?s={search_term_string}\"},\"query-input\":{\"@type\":\"PropertyValueSpecification\",\"valueRequired\":true,\"valueName\":\"search_term_string\"}}],\"inLanguage\":\"sk-SK\"}]}<\/script>\n<!-- \/ Yoast SEO plugin. -->","yoast_head_json":{"title":"Moje fotoobrazy - J\u00e1n Timko","robots":{"index":"index","follow":"follow","max-snippet":"max-snippet:-1","max-image-preview":"max-image-preview:large","max-video-preview":"max-video-preview:-1"},"canonical":"https:\/\/www.jan-timko.eu\/?page_id=78","og_locale":"sk_SK","og_type":"article","og_title":"Moje fotoobrazy - J\u00e1n Timko","og_description":"Moje fotoobrazy&nbsp; Form\u00e1t mm x mm inch x inch Cena 1 obrazu na pl\u00e1tne MINI 210 x 297 8.3 x 11.7 12 \u20ac A3 297 x 420 11.7 x 16.5 25 \u20ac A2 420 x 594 16.5 x 23.4 40 \u20ac A1 594 x 841 26.4 x 33.1 75 \u20ac A0 841 x 1189 33.1 [&hellip;]","og_url":"https:\/\/www.jan-timko.eu\/?page_id=78","og_site_name":"J\u00e1n Timko","article_modified_time":"2026-01-28T10:57:33+00:00","twitter_card":"summary_large_image","schema":{"@context":"https:\/\/schema.org","@graph":[{"@type":"WebPage","@id":"https:\/\/www.jan-timko.eu\/?page_id=78","url":"https:\/\/www.jan-timko.eu\/?page_id=78","name":"Moje fotoobrazy - J\u00e1n Timko","isPartOf":{"@id":"https:\/\/www.jan-timko.eu\/#website"},"datePublished":"2024-10-31T12:41:22+00:00","dateModified":"2026-01-28T10:57:33+00:00","breadcrumb":{"@id":"https:\/\/www.jan-timko.eu\/?page_id=78#breadcrumb"},"inLanguage":"sk-SK","potentialAction":[{"@type":"ReadAction","target":["https:\/\/www.jan-timko.eu\/?page_id=78"]}]},{"@type":"BreadcrumbList","@id":"https:\/\/www.jan-timko.eu\/?page_id=78#breadcrumb","itemListElement":[{"@type":"ListItem","position":1,"name":"Home","item":"https:\/\/www.jan-timko.eu\/"},{"@type":"ListItem","position":2,"name":"Moje fotoobrazy"}]},{"@type":"WebSite","@id":"https:\/\/www.jan-timko.eu\/#website","url":"https:\/\/www.jan-timko.eu\/","name":"J\u00e1n Timko","description":"","potentialAction":[{"@type":"SearchAction","target":{"@type":"EntryPoint","urlTemplate":"https:\/\/www.jan-timko.eu\/?s={search_term_string}"},"query-input":{"@type":"PropertyValueSpecification","valueRequired":true,"valueName":"search_term_string"}}],"inLanguage":"sk-SK"}]}},"_links":{"self":[{"href":"https:\/\/www.jan-timko.eu\/index.php?rest_route=\/wp\/v2\/pages\/78","targetHints":{"allow":["GET"]}}],"collection":[{"href":"https:\/\/www.jan-timko.eu\/index.php?rest_route=\/wp\/v2\/pages"}],"about":[{"href":"https:\/\/www.jan-timko.eu\/index.php?rest_route=\/wp\/v2\/types\/page"}],"author":[{"embeddable":true,"href":"https:\/\/www.jan-timko.eu\/index.php?rest_route=\/wp\/v2\/users\/1"}],"replies":[{"embeddable":true,"href":"https:\/\/www.jan-timko.eu\/index.php?rest_route=%2Fwp%2Fv2%2Fcomments&post=78"}],"version-history":[{"count":6,"href":"https:\/\/www.jan-timko.eu\/index.php?rest_route=\/wp\/v2\/pages\/78\/revisions"}],"predecessor-version":[{"id":456,"href":"https:\/\/www.jan-timko.eu\/index.php?rest_route=\/wp\/v2\/pages\/78\/revisions\/456"}],"wp:attachment":[{"href":"https:\/\/www.jan-timko.eu\/index.php?rest_route=%2Fwp%2Fv2%2Fmedia&parent=78"}],"curies":[{"name":"wp","href":"https:\/\/api.w.org\/{rel}","templated":true}]}}